{"id":2,"date":"2025-12-25T18:04:00","date_gmt":"2025-12-25T18:04:00","guid":{"rendered":"http:\/\/beli-dekor.si\/?page_id=2"},"modified":"2025-12-26T13:39:06","modified_gmt":"2025-12-26T13:39:06","slug":"izdelki","status":"publish","type":"page","link":"https:\/\/beli-dekor.si\/?page_id=2","title":{"rendered":"Izdelki"},"content":{"rendered":"\n<div data-wp-context=\"{&quot;notices&quot;:[],&quot;hideNextPreviousButtons&quot;:false,&quot;isDisabledPrevious&quot;:true,&quot;isDisabledNext&quot;:false,&quot;ariaLabelPrevious&quot;:&quot;Previous products&quot;,&quot;ariaLabelNext&quot;:&quot;Next products&quot;,&quot;collection&quot;:&quot;woocommerce\\\/product-collection\\\/by-category&quot;}\" data-wp-init=\"callbacks.onRender\" data-wp-interactive=\"woocommerce\/product-collection\" data-wp-router-region=\"wc-product-collection-0\" data-__private-preview-state=\"{&quot;isPreview&quot;:false,&quot;previewMessage&quot;:&quot;Dejanski izdelki se razlikujejo glede na stran, ki si jo ogledujete.&quot;}\" data-block-name=\"woocommerce\/product-collection\" data-collection=\"woocommerce\/product-collection\/by-category\" data-dimensions=\"{&quot;widthType&quot;:&quot;fill&quot;}\" data-display-layout=\"{&quot;type&quot;:&quot;flex&quot;,&quot;columns&quot;:3,&quot;shrinkColumns&quot;:true}\" data-hide-controls=\"[&quot;inherit&quot;,&quot;hand-picked&quot;,&quot;filterable&quot;]\" data-query-context-includes=\"[&quot;collection&quot;]\" data-query-id=\"0\" data-query=\"{&quot;perPage&quot;:9,&quot;pages&quot;:0,&quot;offset&quot;:0,&quot;postType&quot;:&quot;product&quot;,&quot;order&quot;:&quot;asc&quot;,&quot;orderBy&quot;:&quot;title&quot;,&quot;search&quot;:&quot;&quot;,&quot;exclude&quot;:[],&quot;inherit&quot;:false,&quot;taxQuery&quot;:{&quot;product_cat&quot;:[47]},&quot;isProductCollectionBlock&quot;:true,&quot;featured&quot;:false,&quot;woocommerceOnSale&quot;:false,&quot;woocommerceStockStatus&quot;:[&quot;instock&quot;,&quot;outofstock&quot;,&quot;onbackorder&quot;],&quot;woocommerceAttributes&quot;:[],&quot;woocommerceHandPickedProducts&quot;:[],&quot;filterable&quot;:false,&quot;relatedBy&quot;:{&quot;categories&quot;:true,&quot;tags&quot;:true}}\" data-tag-name=\"div\" class=\"wp-block-woocommerce-product-collection is-layout-flow wp-block-woocommerce-product-collection-is-layout-flow\">\t\t<div data-wp-interactive=\"woocommerce\/store-notices\" class=\"wc-block-components-notices alignwide\">\n\t\t\t<template data-wp-each--notice=\"state.notices\" data-wp-each-key=\"context.notice.id\">\n\t\t\t\t<div\n\t\t\t\t\tclass=\"wc-block-components-notice-banner\"\n\t\t\t\t\tdata-wp-init=\"callbacks.scrollIntoView\"\n\t\t\t\t\tdata-wp-class--is-error=\"state.isError\"\n\t\t\t\t\tdata-wp-class--is-success =\"state.isSuccess\"\n\t\t\t\t\tdata-wp-class--is-info=\"state.isInfo\"\n\t\t\t\t\tdata-wp-class--is-dismissible=\"context.notice.dismissible\"\n\t\t\t\t\tdata-wp-bind--role=\"state.role\"\n\t\t\t\t>\n\t\t\t\t\t<svg xmlns=\"http:\/\/www.w3.org\/2000\/svg\" viewBox=\"0 0 24 24\" width=\"24\" height=\"24\" aria-hidden=\"true\" focusable=\"false\">\n\t\t\t\t\t\t<path data-wp-bind--d=\"state.iconPath\"><\/path>\n\t\t\t\t\t<\/svg>\n\t\t\t\t\t<div class=\"wc-block-components-notice-banner__content\">\n\t\t\t\t\t\t<span data-wp-init=\"callbacks.renderNoticeContent\" aria-live=\"assertive\" aria-atomic=\"true\"><\/span>\n\t\t\t\t\t<\/div>\n\t\t\t\t\t<button\n\t\t\t\t\t\tdata-wp-bind--hidden=\"!context.notice.dismissible\"\n\t\t\t\t\t\tclass=\"wc-block-components-button wp-element-button wc-block-components-notice-banner__dismiss contained\"\n\t\t\t\t\t\taria-label=\"Opusti to obvestilo\"\n\t\t\t\t\t\tdata-wp-on--click=\"actions.removeNotice\"\n\t\t\t\t\t>\n\t\t\t\t\t\t<svg xmlns=\"http:\/\/www.w3.org\/2000\/svg\" viewBox=\"0 0 24 24\">\n\t\t\t\t\t\t\t<path d=\"M13 11.8l6.1-6.3-1-1-6.1 6.2-6.1-6.2-1 1 6.1 6.3-6.5 6.7 1 1 6.5-6.6 6.5 6.6 1-1z\" \/>\n\t\t\t\t\t\t<\/svg>\n\t\t\t\t\t<\/button>\n\t\t\t\t<\/div>\n\t\t\t<\/template>\n\t\t<\/div>\n\t\t\n<h2 class=\"wp-block-heading has-text-align-center\" style=\"margin-bottom:1rem\"><\/h2>\n\n\n\n<div class=\"wp-block-group is-vertical is-layout-flex wp-container-core-group-is-layout-8cf370e7 wp-block-group-is-layout-flex\"><ul data-block-name=\"woocommerce\/product-template\" class=\"wc-block-product-template__responsive columns-3 wc-block-product-template wp-block-woocommerce-product-template is-layout-flow wp-block-woocommerce-product-template-is-layout-flow\" data-wp-on--scroll=\"actions.watchScroll\" data-wp-init=\"callbacks.initResizeObserver\"><li class=\"wc-block-product post-148 product type-product status-publish has-post-thumbnail product_cat-bozicna-kolekcija product_cat-figure product_cat-izdelki product_cat-kolekcije first instock shipping-taxable purchasable product-type-simple\"\n\t\t\t\t\t\n\t\t\t\tdata-wp-interactive=\"woocommerce\/product-collection\"\n\t\t\t\tdata-wp-context='{\"productId\":148}'\n\t\t\t\tdata-wp-key=\"product-item-148\"\n\t\t\t\n\t\t\t\t>\n\t\t\t\t\t\n<div data-block-name=\"woocommerce\/product-image\" data-image-sizing=\"thumbnail\" data-is-descendent-of-query-loop=\"true\" data-show-sale-badge=\"false\" class=\"wc-block-components-product-image wc-block-grid__product-image wc-block-components-product-image--aspect-ratio-auto wp-block-woocommerce-product-image\"><a href=\"https:\/\/beli-dekor.si\/?product=bozicni-skratki\" style=\"\" data-wp-on--click=\"woocommerce\/product-collection::actions.viewProduct\"><img fetchpriority=\"high\" decoding=\"async\" width=\"300\" height=\"300\" src=\"https:\/\/beli-dekor.si\/wp-content\/uploads\/2025\/12\/bozicni-skratki-1-300x300.jpg\" class=\"attachment-woocommerce_thumbnail size-woocommerce_thumbnail\" alt=\"Bo\u017ei\u010dni \u0161kratki\" data-testid=\"product-image\" data-image-id=\"90\" style=\"object-fit:cover;\" srcset=\"https:\/\/beli-dekor.si\/wp-content\/uploads\/2025\/12\/bozicni-skratki-1-300x300.jpg 300w, https:\/\/beli-dekor.si\/wp-content\/uploads\/2025\/12\/bozicni-skratki-1-100x100.jpg 100w, https:\/\/beli-dekor.si\/wp-content\/uploads\/2025\/12\/bozicni-skratki-1-150x150.jpg 150w\" sizes=\"(max-width: 300px) 100vw, 300px\" \/><div class=\"wc-block-components-product-image__inner-container\">\n\n<\/div><\/a><\/div>\n\n<h2 style=\"line-height:1.4; margin-bottom:0.75rem;margin-top:0;\" class=\"has-text-align-center wp-block-post-title has-medium-font-size\"><a data-wp-on--click=\"woocommerce\/product-collection::actions.viewProduct\" href=\"https:\/\/beli-dekor.si\/?product=bozicni-skratki\" target=\"_self\" >Bo\u017ei\u010dni \u0161kratki<\/a><\/h2>\n\n<div data-block-name=\"woocommerce\/product-price\" data-font-size=\"small\" data-is-descendent-of-query-loop=\"true\" data-text-align=\"center\" class=\"has-font-size has-small-font-size has-text-align-center wp-block-woocommerce-product-price has-small-font-size\" ><div class=\"wc-block-components-product-price wc-block-grid__product-price\" >\n\t\t\t\t\t<span class=\"woocommerce-Price-amount amount\"><bdi>8,00&nbsp;<span class=\"woocommerce-Price-currencySymbol\">&euro;<\/span><\/bdi><\/span>\n\t\t\t\t<\/div><\/div>\n\n\n\n\t\t\t\t<\/li><li class=\"wc-block-product post-193 product type-product status-publish has-post-thumbnail product_cat-izdelki product_cat-kolekcije product_cat-namizna-dekoracija product_cat-pladnji  instock shipping-taxable purchasable product-type-simple\"\n\t\t\t\t\t\n\t\t\t\tdata-wp-interactive=\"woocommerce\/product-collection\"\n\t\t\t\tdata-wp-context='{\"productId\":193}'\n\t\t\t\tdata-wp-key=\"product-item-193\"\n\t\t\t\n\t\t\t\t>\n\t\t\t\t\t\n<div data-block-name=\"woocommerce\/product-image\" data-image-sizing=\"thumbnail\" data-is-descendent-of-query-loop=\"true\" data-show-sale-badge=\"false\" class=\"wc-block-components-product-image wc-block-grid__product-image wc-block-components-product-image--aspect-ratio-auto wp-block-woocommerce-product-image\"><a href=\"https:\/\/beli-dekor.si\/?product=okrogel-pladenj-z-visjim-robom\" style=\"\" data-wp-on--click=\"woocommerce\/product-collection::actions.viewProduct\"><img decoding=\"async\" width=\"300\" height=\"300\" src=\"https:\/\/beli-dekor.si\/wp-content\/uploads\/2025\/12\/pladenj-6-300x300.jpg\" class=\"attachment-woocommerce_thumbnail size-woocommerce_thumbnail\" alt=\"Okrogel pladenj z vi\u0161jim robom\" data-testid=\"product-image\" data-image-id=\"196\" style=\"object-fit:cover;\" srcset=\"https:\/\/beli-dekor.si\/wp-content\/uploads\/2025\/12\/pladenj-6-300x300.jpg 300w, https:\/\/beli-dekor.si\/wp-content\/uploads\/2025\/12\/pladenj-6-100x100.jpg 100w, https:\/\/beli-dekor.si\/wp-content\/uploads\/2025\/12\/pladenj-6-150x150.jpg 150w\" sizes=\"(max-width: 300px) 100vw, 300px\" \/><div class=\"wc-block-components-product-image__inner-container\">\n\n<\/div><\/a><\/div>\n\n<h2 style=\"line-height:1.4; margin-bottom:0.75rem;margin-top:0;\" class=\"has-text-align-center wp-block-post-title has-medium-font-size\"><a data-wp-on--click=\"woocommerce\/product-collection::actions.viewProduct\" href=\"https:\/\/beli-dekor.si\/?product=okrogel-pladenj-z-visjim-robom\" target=\"_self\" >Okrogel pladenj z vi\u0161jim robom<\/a><\/h2>\n\n<div data-block-name=\"woocommerce\/product-price\" data-font-size=\"small\" data-is-descendent-of-query-loop=\"true\" data-text-align=\"center\" class=\"has-font-size has-small-font-size has-text-align-center wp-block-woocommerce-product-price has-small-font-size\" ><div class=\"wc-block-components-product-price wc-block-grid__product-price\" >\n\t\t\t\t\t<span class=\"woocommerce-Price-amount amount\"><bdi>10,00&nbsp;<span class=\"woocommerce-Price-currencySymbol\">&euro;<\/span><\/bdi><\/span>\n\t\t\t\t<\/div><\/div>\n\n\n\n\t\t\t\t<\/li><li class=\"wc-block-product post-197 product type-product status-publish has-post-thumbnail product_cat-bozicna-kolekcija product_cat-izdelki product_cat-kolekcije product_cat-pladnji  instock shipping-taxable purchasable product-type-simple\"\n\t\t\t\t\t\n\t\t\t\tdata-wp-interactive=\"woocommerce\/product-collection\"\n\t\t\t\tdata-wp-context='{\"productId\":197}'\n\t\t\t\tdata-wp-key=\"product-item-197\"\n\t\t\t\n\t\t\t\t>\n\t\t\t\t\t\n<div data-block-name=\"woocommerce\/product-image\" data-image-sizing=\"thumbnail\" data-is-descendent-of-query-loop=\"true\" data-show-sale-badge=\"false\" class=\"wc-block-components-product-image wc-block-grid__product-image wc-block-components-product-image--aspect-ratio-auto wp-block-woocommerce-product-image\"><a href=\"https:\/\/beli-dekor.si\/?product=pladenj-z-dvema-angeloma\" style=\"\" data-wp-on--click=\"woocommerce\/product-collection::actions.viewProduct\"><img decoding=\"async\" width=\"300\" height=\"300\" src=\"https:\/\/beli-dekor.si\/wp-content\/uploads\/2025\/12\/angel-pladenj-2-300x300.jpg\" class=\"attachment-woocommerce_thumbnail size-woocommerce_thumbnail\" alt=\"Pladenj z dvema angeloma\" data-testid=\"product-image\" data-image-id=\"200\" style=\"object-fit:cover;\" srcset=\"https:\/\/beli-dekor.si\/wp-content\/uploads\/2025\/12\/angel-pladenj-2-300x300.jpg 300w, https:\/\/beli-dekor.si\/wp-content\/uploads\/2025\/12\/angel-pladenj-2-100x100.jpg 100w, https:\/\/beli-dekor.si\/wp-content\/uploads\/2025\/12\/angel-pladenj-2-150x150.jpg 150w\" sizes=\"(max-width: 300px) 100vw, 300px\" \/><div class=\"wc-block-components-product-image__inner-container\">\n\n<\/div><\/a><\/div>\n\n<h2 style=\"line-height:1.4; margin-bottom:0.75rem;margin-top:0;\" class=\"has-text-align-center wp-block-post-title has-medium-font-size\"><a data-wp-on--click=\"woocommerce\/product-collection::actions.viewProduct\" href=\"https:\/\/beli-dekor.si\/?product=pladenj-z-dvema-angeloma\" target=\"_self\" >Pladenj z dvema angeloma<\/a><\/h2>\n\n<div data-block-name=\"woocommerce\/product-price\" data-font-size=\"small\" data-is-descendent-of-query-loop=\"true\" data-text-align=\"center\" class=\"has-font-size has-small-font-size has-text-align-center wp-block-woocommerce-product-price has-small-font-size\" ><div class=\"wc-block-components-product-price wc-block-grid__product-price\" >\n\t\t\t\t\t<span class=\"woocommerce-Price-amount amount\"><bdi>12,00&nbsp;<span class=\"woocommerce-Price-currencySymbol\">&euro;<\/span><\/bdi><\/span>\n\t\t\t\t<\/div><\/div>\n\n\n\n\t\t\t\t<\/li><li class=\"wc-block-product post-201 product type-product status-publish has-post-thumbnail product_cat-angeli product_cat-bozicna-kolekcija product_cat-darilna-kolekcija product_cat-izdelki product_cat-nagrobna-kolekcija product_cat-pladnji product_cat-podstavki product_cat-spominska-kolekcija last instock shipping-taxable purchasable product-type-simple\"\n\t\t\t\t\t\n\t\t\t\tdata-wp-interactive=\"woocommerce\/product-collection\"\n\t\t\t\tdata-wp-context='{\"productId\":201}'\n\t\t\t\tdata-wp-key=\"product-item-201\"\n\t\t\t\n\t\t\t\t>\n\t\t\t\t\t\n<div data-block-name=\"woocommerce\/product-image\" data-image-sizing=\"thumbnail\" data-is-descendent-of-query-loop=\"true\" data-show-sale-badge=\"false\" class=\"wc-block-components-product-image wc-block-grid__product-image wc-block-components-product-image--aspect-ratio-auto wp-block-woocommerce-product-image\"><a href=\"https:\/\/beli-dekor.si\/?product=pladenj-z-enim-angelom\" style=\"\" data-wp-on--click=\"woocommerce\/product-collection::actions.viewProduct\"><img loading=\"lazy\" decoding=\"async\" width=\"300\" height=\"300\" src=\"https:\/\/beli-dekor.si\/wp-content\/uploads\/2025\/12\/angel-pladenj-300x300.jpg\" class=\"attachment-woocommerce_thumbnail size-woocommerce_thumbnail\" alt=\"Pladenj z enim angelom\" data-testid=\"product-image\" data-image-id=\"204\" style=\"object-fit:cover;\" srcset=\"https:\/\/beli-dekor.si\/wp-content\/uploads\/2025\/12\/angel-pladenj-300x300.jpg 300w, https:\/\/beli-dekor.si\/wp-content\/uploads\/2025\/12\/angel-pladenj-100x100.jpg 100w, https:\/\/beli-dekor.si\/wp-content\/uploads\/2025\/12\/angel-pladenj-150x150.jpg 150w\" sizes=\"(max-width: 300px) 100vw, 300px\" \/><div class=\"wc-block-components-product-image__inner-container\">\n\n<\/div><\/a><\/div>\n\n<h2 style=\"line-height:1.4; margin-bottom:0.75rem;margin-top:0;\" class=\"has-text-align-center wp-block-post-title has-medium-font-size\"><a data-wp-on--click=\"woocommerce\/product-collection::actions.viewProduct\" href=\"https:\/\/beli-dekor.si\/?product=pladenj-z-enim-angelom\" target=\"_self\" >Pladenj z enim angelom<\/a><\/h2>\n\n<div data-block-name=\"woocommerce\/product-price\" data-font-size=\"small\" data-is-descendent-of-query-loop=\"true\" data-text-align=\"center\" class=\"has-font-size has-small-font-size has-text-align-center wp-block-woocommerce-product-price has-small-font-size\" ><div class=\"wc-block-components-product-price wc-block-grid__product-price\" >\n\t\t\t\t\t<span class=\"woocommerce-Price-amount amount\"><bdi>12,00&nbsp;<span class=\"woocommerce-Price-currencySymbol\">&euro;<\/span><\/bdi><\/span>\n\t\t\t\t<\/div><\/div>\n\n\n\n\t\t\t\t<\/li><\/ul><\/div>\n<\/div>\n","protected":false},"excerpt":{"rendered":"","protected":false},"author":1,"featured_media":0,"parent":0,"menu_order":0,"comment_status":"closed","ping_status":"closed","template":"","meta":{"pagelayer_contact_templates":[],"_pagelayer_content":"","footnotes":""},"class_list":["post-2","page","type-page","status-publish","hentry"],"jetpack_sharing_enabled":true,"_links":{"self":[{"href":"https:\/\/beli-dekor.si\/index.php?rest_route=\/wp\/v2\/pages\/2","targetHints":{"allow":["GET"]}}],"collection":[{"href":"https:\/\/beli-dekor.si\/index.php?rest_route=\/wp\/v2\/pages"}],"about":[{"href":"https:\/\/beli-dekor.si\/index.php?rest_route=\/wp\/v2\/types\/page"}],"author":[{"embeddable":true,"href":"https:\/\/beli-dekor.si\/index.php?rest_route=\/wp\/v2\/users\/1"}],"replies":[{"embeddable":true,"href":"https:\/\/beli-dekor.si\/index.php?rest_route=%2Fwp%2Fv2%2Fcomments&post=2"}],"version-history":[{"count":4,"href":"https:\/\/beli-dekor.si\/index.php?rest_route=\/wp\/v2\/pages\/2\/revisions"}],"predecessor-version":[{"id":247,"href":"https:\/\/beli-dekor.si\/index.php?rest_route=\/wp\/v2\/pages\/2\/revisions\/247"}],"wp:attachment":[{"href":"https:\/\/beli-dekor.si\/index.php?rest_route=%2Fwp%2Fv2%2Fmedia&parent=2"}],"curies":[{"name":"wp","href":"https:\/\/api.w.org\/{rel}","templated":true}]}}